{"id":123,"date":"2025-10-29T17:02:34","date_gmt":"2025-10-29T17:02:34","guid":{"rendered":"https:\/\/xn--plsitz-xxa.de\/?page_id=123"},"modified":"2026-03-30T08:18:40","modified_gmt":"2026-03-30T08:18:40","slug":"__trashed","status":"publish","type":"page","link":"https:\/\/xn--plsitz-xxa.de\/?page_id=123","title":{"rendered":"Ein Ort der Begegnung f\u00fcr Pl\u00f6sitz"},"content":{"rendered":"\n<p class=\"has-x-large-font-size\"><strong>Ein Ort der Begegnung f\u00fcr Pl\u00f6sitz<\/strong> <\/p>\n\n\n\n<figure class=\"wp-block-table is-style-regular\"><table><tbody><tr><td>Mittwoch<\/td><td>Donnerstag<\/td><td>Freitag<\/td><td>Samstag<\/td><td>Sonntag<\/td><\/tr><tr><td><strong>Skat-Treffen<\/strong><br>19 Uhr<br>jeden 2.Mittwoch <br>01799101978<br><br><strong>Pilates<\/strong><br>19 Uhr<br>015750993963<br><\/td><td><\/td><td><\/td><td><\/td><td><strong>Handarbeitsgruppe<\/strong><br>10 Uhr<br>017665627289<\/td><\/tr><\/tbody><\/table><\/figure>\n\n\n\n<p class=\"has-text-align-left has-large-font-size\">Ab Dezember 2025 d\u00fcrfen wir f\u00fcr die kommenden Jahre das Haus Sonnenschein als Vereinsheim nutzen. Fast alle Rechte und Pflichten liegen daf\u00fcr beim Verein. Alle Nebenkosten und Investitionen sind von uns zu schultern- <strong><em>das gelingt nur gemeinsam<\/em><\/strong>. <\/p>\n\n\n\n<p class=\"has-text-align-left has-large-font-size\">Einige Umbauarbeiten m\u00fcssen wir dabei noch meistern, wie den Umbau der Kindertoilette zu einer normalen Toilette, um nicht ohne Abtrennung nebeneinander zu sitzen.<\/p>\n\n\n\n<p>Daf\u00fcr k\u00f6nnen wir Haus und Garten als Begegnungsst\u00e4tte nutzen. Wer also Ideen f\u00fcr die Nutzung hat- Salsakurs, Seniorennachmittag, Basteltreffen, Yoga,&#8230;- wir sind f\u00fcr fast alles offen.<\/p>\n\n\n\n<p><em>Bringt Euch ein, nur mit <strong>Euch Pl\u00f6sitzern<\/strong> k\u00f6nnen wir gemeinsam ein Pl\u00f6sitzer Juwel entwickeln!<\/em><\/p>\n\n\n\n<figure class=\"wp-block-image aligncenter size-large is-style-default\" style=\"margin-top:var(--wp--preset--spacing--30);margin-bottom:var(--wp--preset--spacing--30)\"><img loading=\"lazy\" decoding=\"async\" width=\"1104\" height=\"291\" src=\"https:\/\/xn--plsitz-xxa.de\/wp-content\/uploads\/2025\/11\/Haus_Sonnenschein-2-1104x291.png\" alt=\"\" class=\"wp-image-431\" srcset=\"https:\/\/xn--plsitz-xxa.de\/wp-content\/uploads\/2025\/11\/Haus_Sonnenschein-2-1104x291.png 1104w, https:\/\/xn--plsitz-xxa.de\/wp-content\/uploads\/2025\/11\/Haus_Sonnenschein-2-300x79.png 300w, https:\/\/xn--plsitz-xxa.de\/wp-content\/uploads\/2025\/11\/Haus_Sonnenschein-2-768x202.png 768w, https:\/\/xn--plsitz-xxa.de\/wp-content\/uploads\/2025\/11\/Haus_Sonnenschein-2-1536x405.png 1536w, https:\/\/xn--plsitz-xxa.de\/wp-content\/uploads\/2025\/11\/Haus_Sonnenschein-2-2048x540.png 2048w\" sizes=\"auto, (max-width: 1104px) 100vw, 1104px\" \/><figcaption class=\"wp-element-caption\"><strong>Haus Sonnenschein<\/strong><\/figcaption><\/figure>\n\n\n\n<p><\/p>\n","protected":false},"excerpt":{"rendered":"<p>Ein Ort der Begegnung f\u00fcr Pl\u00f6sitz Mittwoch Donnerstag Freitag Samstag Sonntag Skat-Treffen19 Uhrjeden 2.Mittwoch 01799101978 Pilates19 Uhr015750993963 Handarbeitsgruppe10 Uhr017665627289 Ab Dezember 2025 d\u00fcrfen wir f\u00fcr die kommenden Jahre das Haus Sonnenschein als Vereinsheim nutzen. Fast alle Rechte und Pflichten liegen daf\u00fcr beim Verein. Alle Nebenkosten und Investitionen sind von uns zu schultern- das gelingt nur [&hellip;]<\/p>\n","protected":false},"author":1,"featured_media":0,"parent":0,"menu_order":0,"comment_status":"closed","ping_status":"closed","template":"","meta":{"_monsterinsights_skip_tracking":false,"_monsterinsights_sitenote_active":false,"_monsterinsights_sitenote_note":"","_monsterinsights_sitenote_category":0,"footnotes":""},"class_list":["post-123","page","type-page","status-publish","hentry"],"aioseo_notices":[],"_links":{"self":[{"href":"https:\/\/xn--plsitz-xxa.de\/index.php?rest_route=\/wp\/v2\/pages\/123","targetHints":{"allow":["GET"]}}],"collection":[{"href":"https:\/\/xn--plsitz-xxa.de\/index.php?rest_route=\/wp\/v2\/pages"}],"about":[{"href":"https:\/\/xn--plsitz-xxa.de\/index.php?rest_route=\/wp\/v2\/types\/page"}],"author":[{"embeddable":true,"href":"https:\/\/xn--plsitz-xxa.de\/index.php?rest_route=\/wp\/v2\/users\/1"}],"replies":[{"embeddable":true,"href":"https:\/\/xn--plsitz-xxa.de\/index.php?rest_route=%2Fwp%2Fv2%2Fcomments&post=123"}],"version-history":[{"count":17,"href":"https:\/\/xn--plsitz-xxa.de\/index.php?rest_route=\/wp\/v2\/pages\/123\/revisions"}],"predecessor-version":[{"id":596,"href":"https:\/\/xn--plsitz-xxa.de\/index.php?rest_route=\/wp\/v2\/pages\/123\/revisions\/596"}],"wp:attachment":[{"href":"https:\/\/xn--plsitz-xxa.de\/index.php?rest_route=%2Fwp%2Fv2%2Fmedia&parent=123"}],"curies":[{"name":"wp","href":"https:\/\/api.w.org\/{rel}","templated":true}]}}